{"id":1054,"date":"2025-12-18T13:06:59","date_gmt":"2025-12-18T12:06:59","guid":{"rendered":"https:\/\/ronna-montafon.at\/?page_id=1054"},"modified":"2025-12-18T14:24:30","modified_gmt":"2025-12-18T13:24:30","slug":"ohne-wartung","status":"publish","type":"page","link":"https:\/\/ronna-montafon.at\/index.php\/ohne-wartung\/","title":{"rendered":"Ohne Wartung"},"content":{"rendered":"<p>[et_pb_section fb_built=&#8220;1&#8243; fullwidth=&#8220;on&#8220; _builder_version=&#8220;4.27.4&#8243; background_color=&#8220;#000000&#8243; global_colors_info=&#8220;{}&#8220;][et_pb_fullwidth_header title=&#8220;LEIDER MUSSTEN WIR DIESE SEITE OFFLINE STELLEN, DA DER BETREIBER ENTGEGENKOMMEN UND KOSTENG\u00dcNTIG MIT DUMM UND KOSTENLOS VERWECHSELTE. &#8220; header_fullscreen=&#8220;on&#8220; button_one_text=&#8220;RESERVIEREN IM RONNA&#8220; button_one_url=&#8220;https:\/\/ronna-montafon.at\/index.php\/reservieren-im-ronna-in-gargellen\/&#8220; button_two_text=&#8220;ZUR WEBSITE&#8220; button_two_url=&#8220;https:\/\/ronna-montafon.at\/index.php\/willkommen-im-cafe-restaurant-ronna-in-gargellen-montafon\/&#8220; _builder_version=&#8220;4.27.4&#8243; title_text_color=&#8220;#FFFFFF&#8220; content_text_color=&#8220;#FFFFFF&#8220; subhead_text_color=&#8220;#FFFFFF&#8220; background_color=&#8220;#000000&#8243; vertical_offset_tablet=&#8220;0&#8243; horizontal_offset_tablet=&#8220;0&#8243; hover_enabled=&#8220;0&#8243; z_index_tablet=&#8220;0&#8243; title_text_shadow_horizontal_length_tablet=&#8220;0px&#8220; title_text_shadow_vertical_length_tablet=&#8220;0px&#8220; title_text_shadow_blur_strength_tablet=&#8220;1px&#8220; content_text_shadow_horizontal_length_tablet=&#8220;0px&#8220; content_text_shadow_vertical_length_tablet=&#8220;0px&#8220; content_text_shadow_blur_strength_tablet=&#8220;1px&#8220; subhead_text_shadow_horizontal_length_tablet=&#8220;0px&#8220; subhead_text_shadow_vertical_length_tablet=&#8220;0px&#8220; subhead_text_shadow_blur_strength_tablet=&#8220;1px&#8220; content_link_text_shadow_horizontal_length_tablet=&#8220;0px&#8220; content_link_text_shadow_vertical_length_tablet=&#8220;0px&#8220; content_link_text_shadow_blur_strength_tablet=&#8220;1px&#8220; content_ul_text_shadow_horizontal_length_tablet=&#8220;0px&#8220; content_ul_text_shadow_vertical_length_tablet=&#8220;0px&#8220; content_ul_text_shadow_blur_strength_tablet=&#8220;1px&#8220; content_ol_text_shadow_horizontal_length_tablet=&#8220;0px&#8220; content_ol_text_shadow_vertical_length_tablet=&#8220;0px&#8220; content_ol_text_shadow_blur_strength_tablet=&#8220;1px&#8220; content_quote_text_shadow_horizontal_length_tablet=&#8220;0px&#8220; content_quote_text_shadow_vertical_length_tablet=&#8220;0px&#8220; content_quote_text_shadow_blur_strength_tablet=&#8220;1px&#8220; button_one_text_shadow_horizontal_length_tablet=&#8220;0px&#8220; button_one_text_shadow_vertical_length_tablet=&#8220;0px&#8220; button_one_text_shadow_blur_strength_tablet=&#8220;1px&#8220; button_two_text_shadow_horizontal_length_tablet=&#8220;0px&#8220; button_two_text_shadow_vertical_length_tablet=&#8220;0px&#8220; button_two_text_shadow_blur_strength_tablet=&#8220;1px&#8220; box_shadow_horizontal_tablet=&#8220;0px&#8220; box_shadow_vertical_tablet=&#8220;0px&#8220; box_shadow_blur_tablet=&#8220;40px&#8220; box_shadow_spread_tablet=&#8220;0px&#8220; box_shadow_horizontal_image_tablet=&#8220;0px&#8220; box_shadow_vertical_image_tablet=&#8220;0px&#8220; box_shadow_blur_image_tablet=&#8220;40px&#8220; box_shadow_spread_image_tablet=&#8220;0px&#8220; box_shadow_horizontal_button_one_tablet=&#8220;0px&#8220; box_shadow_vertical_button_one_tablet=&#8220;0px&#8220; box_shadow_blur_button_one_tablet=&#8220;40px&#8220; box_shadow_spread_button_one_tablet=&#8220;0px&#8220; box_shadow_horizontal_button_two_tablet=&#8220;0px&#8220; box_shadow_vertical_button_two_tablet=&#8220;0px&#8220; box_shadow_blur_button_two_tablet=&#8220;40px&#8220; box_shadow_spread_button_two_tablet=&#8220;0px&#8220; text_shadow_horizontal_length_tablet=&#8220;0px&#8220; text_shadow_vertical_length_tablet=&#8220;0px&#8220; text_shadow_blur_strength_tablet=&#8220;1px&#8220; global_colors_info=&#8220;{}&#8220; sticky_enabled=&#8220;0&#8243;]<\/p>\n<p>Leider ist diese Seite derzeit offline. Wir m\u00f6chten darauf hinweisen, dass f\u00fcr die technische Umsetzung sowie die Inhalte der Seite keine Gew\u00e4hr \u00fcbernommen werden kann. Daher k\u00f6nnen wir keine Garantie f\u00fcr die Richtigkeit der Informationen oder ein uneingeschr\u00e4nktes Online-Erlebnis bieten.<\/p>\n<p>Wir danken Ihnen f\u00fcr Ihr Verst\u00e4ndnis.<\/p>\n<p>&nbsp;<\/p>\n<p>Respect your developers<\/p>\n<p>[\/et_pb_fullwidth_header][\/et_pb_section]<\/p>\n","protected":false},"excerpt":{"rendered":"<p>Leider ist diese Seite derzeit offline. Wir m\u00f6chten darauf hinweisen, dass f\u00fcr die technische Umsetzung sowie die Inhalte der Seite keine Gew\u00e4hr \u00fcbernommen werden kann. Daher k\u00f6nnen wir keine Garantie f\u00fcr die Richtigkeit der Informationen oder ein uneingeschr\u00e4nktes Online-Erlebnis bieten. Wir danken Ihnen f\u00fcr Ihr Verst\u00e4ndnis. &nbsp; Respect your developers<\/p>\n","protected":false},"author":2,"featured_media":0,"parent":0,"menu_order":0,"comment_status":"closed","ping_status":"closed","template":"page-template-blank.php","meta":{"_et_pb_use_builder":"on","_et_pb_old_content":"","_et_gb_content_width":"","footnotes":""},"class_list":["post-1054","page","type-page","status-publish","hentry"],"jetpack_sharing_enabled":true,"_links":{"self":[{"href":"https:\/\/ronna-montafon.at\/index.php\/wp-json\/wp\/v2\/pages\/1054","targetHints":{"allow":["GET"]}}],"collection":[{"href":"https:\/\/ronna-montafon.at\/index.php\/wp-json\/wp\/v2\/pages"}],"about":[{"href":"https:\/\/ronna-montafon.at\/index.php\/wp-json\/wp\/v2\/types\/page"}],"author":[{"embeddable":true,"href":"https:\/\/ronna-montafon.at\/index.php\/wp-json\/wp\/v2\/users\/2"}],"replies":[{"embeddable":true,"href":"https:\/\/ronna-montafon.at\/index.php\/wp-json\/wp\/v2\/comments?post=1054"}],"version-history":[{"count":6,"href":"https:\/\/ronna-montafon.at\/index.php\/wp-json\/wp\/v2\/pages\/1054\/revisions"}],"predecessor-version":[{"id":1064,"href":"https:\/\/ronna-montafon.at\/index.php\/wp-json\/wp\/v2\/pages\/1054\/revisions\/1064"}],"wp:attachment":[{"href":"https:\/\/ronna-montafon.at\/index.php\/wp-json\/wp\/v2\/media?parent=1054"}],"curies":[{"name":"wp","href":"https:\/\/api.w.org\/{rel}","templated":true}]}}