{"id":140,"date":"2025-12-04T17:51:14","date_gmt":"2025-12-04T16:51:14","guid":{"rendered":"http:\/\/ronna-montafon.at\/?page_id=140"},"modified":"2025-12-04T18:21:37","modified_gmt":"2025-12-04T17:21:37","slug":"taxi-montafon","status":"publish","type":"page","link":"https:\/\/ronna-montafon.at\/index.php\/taxi-montafon\/","title":{"rendered":"Taxi Montafon"},"content":{"rendered":"<p>[et_pb_section fb_built=&#8220;1&#8243; fullwidth=&#8220;on&#8220; _builder_version=&#8220;4.27.4&#8243; _module_preset=&#8220;default&#8220; top_divider_style=&#8220;graph4&#8243; top_divider_color=&#8220;#FFFFFF&#8220; bottom_divider_style=&#8220;graph4&#8243; bottom_divider_color=&#8220;#ffffff&#8220; global_colors_info=&#8220;{}&#8220;][et_pb_fullwidth_header title=&#8220;TAXI MONTAFON- Wir fahren sie sicher durch den Winter&#8220; subhead=&#8220;0043 676 365 10 10&#8243; header_fullscreen=&#8220;on&#8220; button_one_url=&#8220;tel:00436763651010&#8243; background_overlay_color=&#8220;rgba(0,0,0,0.67)&#8220; logo_image_url=&#8220;https:\/\/ronna-montafon.at\/wp-content\/uploads\/2020\/02\/Logo-Taxi-Montafon-1-300&#215;300.png&#8220; disabled_on=&#8220;on|off|off&#8220; _builder_version=&#8220;4.27.4&#8243; _module_preset=&#8220;default&#8220; title_font=&#8220;|800||on|||||&#8220; title_text_color=&#8220;#f5ed0b&#8220; title_font_size=&#8220;100px&#8220; content_font_size=&#8220;20px&#8220; content_line_height=&#8220;1.6em&#8220; subhead_font=&#8220;|700|on|on|||||&#8220; subhead_text_color=&#8220;#EDF000&#8243; subhead_font_size=&#8220;47px&#8220; subhead_line_height=&#8220;1.3em&#8220; background_image=&#8220;https:\/\/ronna-montafon.at\/wp-content\/uploads\/2025\/12\/Ronna_Montafon_Restaurant_Cafe_Redesign-15.jpg&#8220; background_video_mp4=&#8220;https:\/\/ronna-montafon.at\/wp-content\/uploads\/2025\/12\/Ronna_Taxi_Montafon_2.mp4&#8243; background_video_webm=&#8220;https:\/\/ronna-montafon.at\/wp-content\/uploads\/2025\/12\/Ronna_Taxi_Montafon_2.webm&#8220; custom_button_one=&#8220;on&#8220; button_one_text_color=&#8220;#f5ed0b&#8220; button_one_bg_color=&#8220;#000000&#8243; button_one_border_color=&#8220;#f5ed0b&#8220; title_font_size_tablet=&#8220;50px&#8220; title_font_size_phone=&#8220;30px&#8220; title_font_size_last_edited=&#8220;on|desktop&#8220; content_font_size_tablet=&#8220;20px&#8220; content_font_size_phone=&#8220;14px&#8220; content_font_size_last_edited=&#8220;on|phone&#8220; subhead_font_size_tablet=&#8220;31px&#8220; subhead_font_size_phone=&#8220;21px&#8220; subhead_font_size_last_edited=&#8220;on|phone&#8220; title_text_shadow_style=&#8220;preset1&#8243; global_colors_info=&#8220;{}&#8220;]<\/p>\n<p>Willkommen bei Taxi Montafon \u2013 Ihr verl\u00e4sslicher Fahrdienst im Winter! In der verschneiten Winterzeit gibt es viele gute Gr\u00fcnde, auf unser Taxi zur\u00fcckzugreifen. Ob Sie einen geselligen Abend im Restaurant genie\u00dfen, mit Freunden feiern oder einfach sicher und entspannt an Ihr Ziel gelangen m\u00f6chten \u2013 wir bringen Sie zuverl\u00e4ssig nach Hause, ins Hotel, vom oder zum Flughafen.<\/p>\n<p>Mit Taxi Montafon m\u00fcssen Sie sich keine Sorgen um Polizeikontrollen, Glatteis oder das Steckenbleiben auf verschneiten Stra\u00dfen machen. Lehnen Sie sich zur\u00fcck und genie\u00dfen Sie Ihre Zeit im Montafon \u2013 wir k\u00fcmmern uns um den sicheren Transport. Rufen Sie uns an und erleben Sie unkomplizierte Mobilit\u00e4t, damit Ihr Winterurlaub unvergesslich bleibt!<\/p>\n<p>[\/et_pb_fullwidth_header][\/et_pb_section][et_pb_section fb_built=&#8220;1&#8243; fullwidth=&#8220;on&#8220; _builder_version=&#8220;4.27.4&#8243; _module_preset=&#8220;default&#8220; top_divider_style=&#8220;graph4&#8243; top_divider_color=&#8220;#FFFFFF&#8220; bottom_divider_style=&#8220;graph4&#8243; bottom_divider_color=&#8220;#ffffff&#8220; hover_enabled=&#8220;0&#8243; global_colors_info=&#8220;{}&#8220; top_divider_height=&#8220;40px&#8220; bottom_divider_height=&#8220;40px&#8220; sticky_enabled=&#8220;0&#8243;][et_pb_fullwidth_header title=&#8220;TAXI MONTAFON&#8220; subhead=&#8220;Wir fahren sie sicher durch den Winter&#8220; text_orientation=&#8220;center&#8220; header_fullscreen=&#8220;on&#8220; button_one_text=&#8220;Ein Taxi Rufen&#8220; button_one_url=&#8220;tel:00436763651010&#8243; background_overlay_color=&#8220;rgba(0,0,0,0.67)&#8220; logo_image_url=&#8220;https:\/\/ronna-montafon.at\/wp-content\/uploads\/2020\/02\/Logo-Taxi-Montafon-1-300&#215;300.png&#8220; disabled_on=&#8220;off|on|on&#8220; _builder_version=&#8220;4.27.4&#8243; _module_preset=&#8220;default&#8220; title_font=&#8220;|800||on|||||&#8220; title_text_color=&#8220;#f5ed0b&#8220; title_font_size=&#8220;100px&#8220; content_font_size=&#8220;20px&#8220; content_line_height=&#8220;1.6em&#8220; subhead_font=&#8220;|700|on|on|||||&#8220; subhead_text_color=&#8220;#EDF000&#8243; subhead_font_size=&#8220;47px&#8220; subhead_line_height=&#8220;1.3em&#8220; background_image=&#8220;https:\/\/ronna-montafon.at\/wp-content\/uploads\/2025\/12\/Ronna_Restaurant_Cafe_Montafon_SF-2.jpg&#8220; background_enable_video_mp4=&#8220;off&#8220; background_enable_video_webm=&#8220;off&#8220; custom_button_one=&#8220;on&#8220; button_one_text_color=&#8220;#f5ed0b&#8220; button_one_bg_color=&#8220;#000000&#8243; button_one_border_color=&#8220;#f5ed0b&#8220; title_font_size_tablet=&#8220;50px&#8220; title_font_size_phone=&#8220;30px&#8220; title_font_size_last_edited=&#8220;on|desktop&#8220; content_font_size_tablet=&#8220;20px&#8220; content_font_size_phone=&#8220;14px&#8220; content_font_size_last_edited=&#8220;on|phone&#8220; subhead_font_size_tablet=&#8220;31px&#8220; subhead_font_size_phone=&#8220;21px&#8220; subhead_font_size_last_edited=&#8220;on|phone&#8220; title_text_shadow_style=&#8220;preset1&#8243; global_colors_info=&#8220;{}&#8220;]<\/p>\n<p>Willkommen bei Taxi Montafon \u2013 Ihr verl\u00e4sslicher Fahrdienst im Winter! In der verschneiten Winterzeit gibt es viele gute Gr\u00fcnde, auf unser Taxi zur\u00fcckzugreifen. Ob Sie einen geselligen Abend im Restaurant genie\u00dfen, mit Freunden feiern oder einfach sicher und entspannt an Ihr Ziel gelangen m\u00f6chten \u2013 wir bringen Sie zuverl\u00e4ssig nach Hause, ins Hotel, vom oder zum Flughafen.<\/p>\n<p>Mit Taxi Montafon m\u00fcssen Sie sich keine Sorgen um Polizeikontrollen, Glatteis oder das Steckenbleiben auf verschneiten Stra\u00dfen machen. Lehnen Sie sich zur\u00fcck und genie\u00dfen Sie Ihre Zeit im Montafon \u2013 wir k\u00fcmmern uns um den sicheren Transport. Rufen Sie uns an und erleben Sie unkomplizierte Mobilit\u00e4t, damit Ihr Winterurlaub unvergesslich bleibt!<\/p>\n<p>[\/et_pb_fullwidth_header][\/et_pb_section]<\/p>\n","protected":false},"excerpt":{"rendered":"<p>Willkommen bei Taxi Montafon \u2013 Ihr verl\u00e4sslicher Fahrdienst im Winter! In der verschneiten Winterzeit gibt es viele gute Gr\u00fcnde, auf unser Taxi zur\u00fcckzugreifen. Ob Sie einen geselligen Abend im Restaurant genie\u00dfen, mit Freunden feiern oder einfach sicher und entspannt an Ihr Ziel gelangen m\u00f6chten \u2013 wir bringen Sie zuverl\u00e4ssig nach Hause, ins Hotel, vom oder [&hellip;]<\/p>\n","protected":false},"author":2,"featured_media":0,"parent":0,"menu_order":0,"comment_status":"closed","ping_status":"closed","template":"","meta":{"_et_pb_use_builder":"on","_et_pb_old_content":"","_et_gb_content_width":"","footnotes":""},"class_list":["post-140","page","type-page","status-publish","hentry"],"jetpack_sharing_enabled":true,"_links":{"self":[{"href":"https:\/\/ronna-montafon.at\/index.php\/wp-json\/wp\/v2\/pages\/140","targetHints":{"allow":["GET"]}}],"collection":[{"href":"https:\/\/ronna-montafon.at\/index.php\/wp-json\/wp\/v2\/pages"}],"about":[{"href":"https:\/\/ronna-montafon.at\/index.php\/wp-json\/wp\/v2\/types\/page"}],"author":[{"embeddable":true,"href":"https:\/\/ronna-montafon.at\/index.php\/wp-json\/wp\/v2\/users\/2"}],"replies":[{"embeddable":true,"href":"https:\/\/ronna-montafon.at\/index.php\/wp-json\/wp\/v2\/comments?post=140"}],"version-history":[{"count":5,"href":"https:\/\/ronna-montafon.at\/index.php\/wp-json\/wp\/v2\/pages\/140\/revisions"}],"predecessor-version":[{"id":975,"href":"https:\/\/ronna-montafon.at\/index.php\/wp-json\/wp\/v2\/pages\/140\/revisions\/975"}],"wp:attachment":[{"href":"https:\/\/ronna-montafon.at\/index.php\/wp-json\/wp\/v2\/media?parent=140"}],"curies":[{"name":"wp","href":"https:\/\/api.w.org\/{rel}","templated":true}]}}