{"id":764,"date":"2025-12-04T15:33:41","date_gmt":"2025-12-04T14:33:41","guid":{"rendered":"https:\/\/ronna-montafon.at\/?page_id=764"},"modified":"2025-12-11T17:36:49","modified_gmt":"2025-12-11T16:36:49","slug":"essen-und-trinken-im-restaurant-ronna-montafon","status":"publish","type":"page","link":"https:\/\/ronna-montafon.at\/index.php\/essen-und-trinken-im-restaurant-ronna-montafon\/","title":{"rendered":"Essen und Trinken im Restaurant Ronna Montafon"},"content":{"rendered":"<p>[et_pb_section fb_built=&#8220;1&#8243; module_id=&#8220;food&#8220; _builder_version=&#8220;4.27.4&#8243; background_video_mp4=&#8220;https:\/\/ronna-montafon.at\/wp-content\/uploads\/2020\/02\/RonnaChef.mp4&#8243; background_video_webm=&#8220;https:\/\/ronna-montafon.at\/wp-content\/uploads\/2020\/02\/RonnaChef.webm&#8220; background_video_width=&#8220;1280&#8243; background_video_height=&#8220;720&#8243; top_divider_style=&#8220;graph4&#8243; top_divider_color=&#8220;#FFFFFF&#8220; hover_enabled=&#8220;0&#8243; background_last_edited=&#8220;on|desktop&#8220; background_image_tablet=&#8220;https:\/\/ronna-montafon.at\/wp-content\/uploads\/2020\/02\/chef-prepares-steak-in-pan-at-the-kitchen-P8AB5JF.jpg&#8220; background_enable_image_tablet=&#8220;on&#8220; background_enable_video_mp4_tablet=&#8220;off&#8220; background_enable_video_webm_tablet=&#8220;off&#8220; global_colors_info=&#8220;{}&#8220; sticky_enabled=&#8220;0&#8243;][et_pb_row column_structure=&#8220;1_4,1_2,1_4&#8243; _builder_version=&#8220;4.27.4&#8243; max_width=&#8220;1920px&#8220; custom_margin=&#8220;70px||||false|false&#8220; global_colors_info=&#8220;{}&#8220;][et_pb_column type=&#8220;1_4&#8243; _builder_version=&#8220;4.16&#8243; global_colors_info=&#8220;{}&#8220;][\/et_pb_column][et_pb_column type=&#8220;1_2&#8243; _builder_version=&#8220;4.16&#8243; global_colors_info=&#8220;{}&#8220;][et_pb_gallery gallery_ids=&#8220;1022,1023,1024,1025,1026,1027,1028,1029,1030,1031&#8243; fullwidth=&#8220;on&#8220; _builder_version=&#8220;4.27.4&#8243; vertical_offset_tablet=&#8220;0&#8243; horizontal_offset_tablet=&#8220;0&#8243; hover_enabled=&#8220;0&#8243; z_index_tablet=&#8220;0&#8243; title_text_shadow_horizontal_length_tablet=&#8220;0px&#8220; title_text_shadow_vertical_length_tablet=&#8220;0px&#8220; title_text_shadow_blur_strength_tablet=&#8220;1px&#8220; caption_text_shadow_horizontal_length_tablet=&#8220;0px&#8220; caption_text_shadow_vertical_length_tablet=&#8220;0px&#8220; caption_text_shadow_blur_strength_tablet=&#8220;1px&#8220; pagination_text_shadow_horizontal_length_tablet=&#8220;0px&#8220; pagination_text_shadow_vertical_length_tablet=&#8220;0px&#8220; pagination_text_shadow_blur_strength_tablet=&#8220;1px&#8220; box_shadow_horizontal_tablet=&#8220;0px&#8220; box_shadow_vertical_tablet=&#8220;0px&#8220; box_shadow_blur_tablet=&#8220;40px&#8220; box_shadow_spread_tablet=&#8220;0px&#8220; box_shadow_horizontal_image_tablet=&#8220;0px&#8220; box_shadow_vertical_image_tablet=&#8220;0px&#8220; box_shadow_blur_image_tablet=&#8220;40px&#8220; box_shadow_spread_image_tablet=&#8220;0px&#8220; text_shadow_horizontal_length_tablet=&#8220;0px&#8220; text_shadow_vertical_length_tablet=&#8220;0px&#8220; text_shadow_blur_strength_tablet=&#8220;1px&#8220; global_colors_info=&#8220;{}&#8220; sticky_enabled=&#8220;0&#8243;][\/et_pb_gallery][\/et_pb_column][et_pb_column type=&#8220;1_4&#8243; _builder_version=&#8220;4.16&#8243; global_colors_info=&#8220;{}&#8220;][\/et_pb_column][\/et_pb_row][\/et_pb_section][et_pb_section fb_built=&#8220;1&#8243; module_id=&#8220;drink&#8220; _builder_version=&#8220;4.27.4&#8243; background_image=&#8220;https:\/\/ronna-montafon.at\/wp-content\/uploads\/2025\/12\/Ronna_Restaurant_Cafe_Montafon_SF-101.jpg&#8220; background_enable_video_mp4=&#8220;off&#8220; background_enable_video_webm=&#8220;off&#8220; background_video_width=&#8220;1280&#8243; background_video_height=&#8220;720&#8243; hover_enabled=&#8220;0&#8243; background_last_edited=&#8220;on|phone&#8220; background_image_tablet=&#8220;https:\/\/ronna-montafon.at\/wp-content\/uploads\/2020\/02\/rose-wine-ZCTJBK4.jpg&#8220; background_enable_image_tablet=&#8220;on&#8220; background_enable_video_mp4_tablet=&#8220;off&#8220; background_enable_video_webm_tablet=&#8220;off&#8220; global_colors_info=&#8220;{}&#8220; sticky_enabled=&#8220;0&#8243;][et_pb_row column_structure=&#8220;1_4,1_2,1_4&#8243; _builder_version=&#8220;4.16&#8243; max_width=&#8220;1920px&#8220; global_colors_info=&#8220;{}&#8220;][et_pb_column type=&#8220;1_4&#8243; _builder_version=&#8220;4.16&#8243; global_colors_info=&#8220;{}&#8220;][\/et_pb_column][et_pb_column type=&#8220;1_2&#8243; _builder_version=&#8220;4.16&#8243; global_colors_info=&#8220;{}&#8220;][et_pb_gallery gallery_ids=&#8220;572,573,574,575,576,577,578,579&#8243; fullwidth=&#8220;on&#8220; _builder_version=&#8220;4.23.1&#8243; vertical_offset_tablet=&#8220;0&#8243; horizontal_offset_tablet=&#8220;0&#8243; z_index_tablet=&#8220;0&#8243; title_text_shadow_horizontal_length_tablet=&#8220;0px&#8220; title_text_shadow_vertical_length_tablet=&#8220;0px&#8220; title_text_shadow_blur_strength_tablet=&#8220;1px&#8220; caption_text_shadow_horizontal_length_tablet=&#8220;0px&#8220; caption_text_shadow_vertical_length_tablet=&#8220;0px&#8220; caption_text_shadow_blur_strength_tablet=&#8220;1px&#8220; pagination_text_shadow_horizontal_length_tablet=&#8220;0px&#8220; pagination_text_shadow_vertical_length_tablet=&#8220;0px&#8220; pagination_text_shadow_blur_strength_tablet=&#8220;1px&#8220; box_shadow_horizontal_tablet=&#8220;0px&#8220; box_shadow_vertical_tablet=&#8220;0px&#8220; box_shadow_blur_tablet=&#8220;40px&#8220; box_shadow_spread_tablet=&#8220;0px&#8220; box_shadow_horizontal_image_tablet=&#8220;0px&#8220; box_shadow_vertical_image_tablet=&#8220;0px&#8220; box_shadow_blur_image_tablet=&#8220;40px&#8220; box_shadow_spread_image_tablet=&#8220;0px&#8220; text_shadow_horizontal_length_tablet=&#8220;0px&#8220; text_shadow_vertical_length_tablet=&#8220;0px&#8220; text_shadow_blur_strength_tablet=&#8220;1px&#8220; global_colors_info=&#8220;{}&#8220;][\/et_pb_gallery][\/et_pb_column][et_pb_column type=&#8220;1_4&#8243; _builder_version=&#8220;4.16&#8243; global_colors_info=&#8220;{}&#8220;][\/et_pb_column][\/et_pb_row][\/et_pb_section][et_pb_section fb_built=&#8220;1&#8243; module_id=&#8220;special&#8220; _builder_version=&#8220;4.27.4&#8243; background_image=&#8220;https:\/\/ronna-montafon.at\/wp-content\/uploads\/2025\/12\/Ronna_Restaurant_Cafe_Montafon_SF-101.jpg&#8220; background_enable_video_mp4=&#8220;off&#8220; background_enable_video_webm=&#8220;off&#8220; background_video_width=&#8220;1280&#8243; background_video_height=&#8220;720&#8243; hover_enabled=&#8220;0&#8243; background_last_edited=&#8220;on|phone&#8220; background_image_tablet=&#8220;https:\/\/ronna-montafon.at\/wp-content\/uploads\/2020\/02\/rose-wine-ZCTJBK4.jpg&#8220; background_enable_image_tablet=&#8220;on&#8220; background_enable_video_mp4_tablet=&#8220;off&#8220; background_enable_video_webm_tablet=&#8220;off&#8220; global_colors_info=&#8220;{}&#8220; sticky_enabled=&#8220;0&#8243;][et_pb_row column_structure=&#8220;1_4,1_2,1_4&#8243; _builder_version=&#8220;4.16&#8243; max_width=&#8220;1920px&#8220; global_colors_info=&#8220;{}&#8220;][et_pb_column type=&#8220;1_4&#8243; _builder_version=&#8220;4.16&#8243; global_colors_info=&#8220;{}&#8220;][\/et_pb_column][et_pb_column type=&#8220;1_2&#8243; _builder_version=&#8220;4.16&#8243; global_colors_info=&#8220;{}&#8220;][et_pb_gallery gallery_ids=&#8220;1032&#8243; fullwidth=&#8220;on&#8220; _builder_version=&#8220;4.27.4&#8243; vertical_offset_tablet=&#8220;0&#8243; horizontal_offset_tablet=&#8220;0&#8243; hover_enabled=&#8220;0&#8243; z_index_tablet=&#8220;0&#8243; title_text_shadow_horizontal_length_tablet=&#8220;0px&#8220; title_text_shadow_vertical_length_tablet=&#8220;0px&#8220; title_text_shadow_blur_strength_tablet=&#8220;1px&#8220; caption_text_shadow_horizontal_length_tablet=&#8220;0px&#8220; caption_text_shadow_vertical_length_tablet=&#8220;0px&#8220; caption_text_shadow_blur_strength_tablet=&#8220;1px&#8220; pagination_text_shadow_horizontal_length_tablet=&#8220;0px&#8220; pagination_text_shadow_vertical_length_tablet=&#8220;0px&#8220; pagination_text_shadow_blur_strength_tablet=&#8220;1px&#8220; box_shadow_horizontal_tablet=&#8220;0px&#8220; box_shadow_vertical_tablet=&#8220;0px&#8220; box_shadow_blur_tablet=&#8220;40px&#8220; box_shadow_spread_tablet=&#8220;0px&#8220; box_shadow_horizontal_image_tablet=&#8220;0px&#8220; box_shadow_vertical_image_tablet=&#8220;0px&#8220; box_shadow_blur_image_tablet=&#8220;40px&#8220; box_shadow_spread_image_tablet=&#8220;0px&#8220; text_shadow_horizontal_length_tablet=&#8220;0px&#8220; text_shadow_vertical_length_tablet=&#8220;0px&#8220; text_shadow_blur_strength_tablet=&#8220;1px&#8220; global_colors_info=&#8220;{}&#8220; sticky_enabled=&#8220;0&#8243;][\/et_pb_gallery][\/et_pb_column][et_pb_column type=&#8220;1_4&#8243; _builder_version=&#8220;4.16&#8243; global_colors_info=&#8220;{}&#8220;][\/et_pb_column][\/et_pb_row][\/et_pb_section][et_pb_section fb_built=&#8220;1&#8243; next_background_color=&#8220;#ffffff&#8220; module_id=&#8220;about&#8220; _builder_version=&#8220;4.27.4&#8243; background_color=&#8220;#682e2f&#8220; bottom_divider_style=&#8220;graph4&#8243; global_colors_info=&#8220;{}&#8220;][et_pb_row _builder_version=&#8220;4.16&#8243; global_colors_info=&#8220;{}&#8220;][et_pb_column type=&#8220;4_4&#8243; _builder_version=&#8220;4.16&#8243; global_colors_info=&#8220;{}&#8220;][et_pb_text _builder_version=&#8220;4.27.4&#8243; _module_preset=&#8220;default&#8220; text_text_color=&#8220;#FFFFFF&#8220; text_font_size=&#8220;17px&#8220; header_font=&#8220;|800||on|||||&#8220; header_text_color=&#8220;#FFFFFF&#8220; header_font_size=&#8220;60px&#8220; custom_margin=&#8220;10px|10px|10px|10px|false|false&#8220; custom_padding=&#8220;10px|10px|10px|10px|false|false&#8220; text_font_size_tablet=&#8220;17px&#8220; text_font_size_phone=&#8220;15px&#8220; text_font_size_last_edited=&#8220;on|phone&#8220; header_font_size_tablet=&#8220;45px&#8220; header_font_size_phone=&#8220;23px&#8220; header_font_size_last_edited=&#8220;on|phone&#8220; global_colors_info=&#8220;{}&#8220;]<\/p>\n<h1><span>Info<\/span><\/h1>\n<p><span>Auf unserer Homepage k\u00f6nnen Preisabweichungen von der Speisekarte auftreten. W\u00e4hrend wir uns bem\u00fchen, unsere digitale Speisekarte regelm\u00e4\u00dfig zu aktualisieren, kann es in manchen F\u00e4llen zu Verz\u00f6gerungen kommen. Die Aktuell geltenden Preise finden sie immer in der Speisekarte im Restaurant. Wir danken Ihnen f\u00fcr Ihr Verst\u00e4ndnis, falls Sie auf unterschiedliche Preisangaben sto\u00dfen.<\/span><\/p>\n<p>[\/et_pb_text][\/et_pb_column][\/et_pb_row][\/et_pb_section]<\/p>\n","protected":false},"excerpt":{"rendered":"<p>Info Auf unserer Homepage k\u00f6nnen Preisabweichungen von der Speisekarte auftreten. W\u00e4hrend wir uns bem\u00fchen, unsere digitale Speisekarte regelm\u00e4\u00dfig zu aktualisieren, kann es in manchen F\u00e4llen zu Verz\u00f6gerungen kommen. Die Aktuell geltenden Preise finden sie immer in der Speisekarte im Restaurant. Wir danken Ihnen f\u00fcr Ihr Verst\u00e4ndnis, falls Sie auf unterschiedliche Preisangaben sto\u00dfen.<\/p>\n","protected":false},"author":2,"featured_media":0,"parent":0,"menu_order":0,"comment_status":"closed","ping_status":"closed","template":"","meta":{"_et_pb_use_builder":"on","_et_pb_old_content":"","_et_gb_content_width":"","footnotes":""},"class_list":["post-764","page","type-page","status-publish","hentry"],"jetpack_sharing_enabled":true,"_links":{"self":[{"href":"https:\/\/ronna-montafon.at\/index.php\/wp-json\/wp\/v2\/pages\/764","targetHints":{"allow":["GET"]}}],"collection":[{"href":"https:\/\/ronna-montafon.at\/index.php\/wp-json\/wp\/v2\/pages"}],"about":[{"href":"https:\/\/ronna-montafon.at\/index.php\/wp-json\/wp\/v2\/types\/page"}],"author":[{"embeddable":true,"href":"https:\/\/ronna-montafon.at\/index.php\/wp-json\/wp\/v2\/users\/2"}],"replies":[{"embeddable":true,"href":"https:\/\/ronna-montafon.at\/index.php\/wp-json\/wp\/v2\/comments?post=764"}],"version-history":[{"count":4,"href":"https:\/\/ronna-montafon.at\/index.php\/wp-json\/wp\/v2\/pages\/764\/revisions"}],"predecessor-version":[{"id":1033,"href":"https:\/\/ronna-montafon.at\/index.php\/wp-json\/wp\/v2\/pages\/764\/revisions\/1033"}],"wp:attachment":[{"href":"https:\/\/ronna-montafon.at\/index.php\/wp-json\/wp\/v2\/media?parent=764"}],"curies":[{"name":"wp","href":"https:\/\/api.w.org\/{rel}","templated":true}]}}