{"id":876,"date":"2025-12-04T16:11:36","date_gmt":"2025-12-04T15:11:36","guid":{"rendered":"https:\/\/ronna-montafon.at\/?page_id=876"},"modified":"2025-12-04T22:27:25","modified_gmt":"2025-12-04T21:27:25","slug":"unser-foodtruck-das-ronna-in-deiner-naehe","status":"publish","type":"page","link":"https:\/\/ronna-montafon.at\/index.php\/unser-foodtruck-das-ronna-in-deiner-naehe\/","title":{"rendered":"Unser Foodtruck &#8211; Das Ronna in deiner N\u00e4he"},"content":{"rendered":"<p>[et_pb_section fb_built=&#8220;1&#8243; fullwidth=&#8220;on&#8220; _builder_version=&#8220;4.27.4&#8243; _module_preset=&#8220;default&#8220; background_image=&#8220;https:\/\/ronna-montafon.at\/wp-content\/uploads\/2025\/12\/Ronna_Restaurant_Cafe_Montafon_SF-30.jpg&#8220; top_divider_style=&#8220;graph4&#8243; top_divider_color=&#8220;#FFFFFF&#8220; global_colors_info=&#8220;{}&#8220;][et_pb_fullwidth_header title=&#8220;Unser Foodtruck&#8220; subhead=&#8220;Das Ronna auch in deiner N\u00e4he&#8220; text_orientation=&#8220;center&#8220; header_fullscreen=&#8220;on&#8220; background_overlay_color=&#8220;rgba(0,0,0,0.67)&#8220; disabled_on=&#8220;on|off|off&#8220; _builder_version=&#8220;4.27.4&#8243; _module_preset=&#8220;default&#8220; title_font=&#8220;|800||on|||||&#8220; title_text_color=&#8220;rgba(104,46,47,0.69)&#8220; title_font_size=&#8220;100px&#8220; content_font_size=&#8220;20px&#8220; content_line_height=&#8220;1.6em&#8220; subhead_font=&#8220;|700|on|on|||||&#8220; subhead_font_size=&#8220;47px&#8220; subhead_line_height=&#8220;1.3em&#8220; background_image=&#8220;https:\/\/ronna-montafon.at\/wp-content\/uploads\/2025\/12\/Ronna_Restaurant_Cafe_Montafon_SF-30.jpg&#8220; background_video_mp4=&#8220;https:\/\/ronna-montafon.at\/wp-content\/uploads\/2025\/12\/Ronna_Foodtruck_1.mp4&#8243; background_video_webm=&#8220;https:\/\/ronna-montafon.at\/wp-content\/uploads\/2025\/12\/Ronna_Foodtruck_1.webm&#8220; hover_enabled=&#8220;0&#8243; title_font_size_tablet=&#8220;50px&#8220; title_font_size_phone=&#8220;30px&#8220; title_font_size_last_edited=&#8220;on|desktop&#8220; content_font_size_tablet=&#8220;20px&#8220; content_font_size_phone=&#8220;14px&#8220; content_font_size_last_edited=&#8220;on|phone&#8220; subhead_font_size_tablet=&#8220;31px&#8220; subhead_font_size_phone=&#8220;21px&#8220; subhead_font_size_last_edited=&#8220;on|phone&#8220; title_text_shadow_style=&#8220;preset1&#8243; global_colors_info=&#8220;{}&#8220; sticky_enabled=&#8220;0&#8243;]<\/p>\n<p>Foodtrucks. Der neue Gastro Trend. Und wir lieben Trends. Speziell diesen.<\/p>\n<p>Buchen sie unseren Foodtruck f\u00fcr ihre Messe, ihren Event und f\u00fcr jeden gesch\u00e4ftlichen oder privaten Anlass.<\/p>\n<p>Wir bieten ihnen den kompletten Service. Wir k\u00fcmmern uns daher um alles. Nicht nur um den Foodtruck, sondern auch um Tische, Geschirr, Zelte und alles was sie f\u00fcr einen gelungenen Event oder ein gelungenes Fest brauchen.<\/p>\n<p>Wir planen mit ihnen vor ihrer Party, ihrem Event oder ihrem Fest ein f\u00fcr sie speziell abgestimmtes Angebot.<\/p>\n<p>[\/et_pb_fullwidth_header][et_pb_fullwidth_header title=&#8220;Unser Foodtruck&#8220; subhead=&#8220;Das Ronna auch in deiner N\u00e4he&#8220; text_orientation=&#8220;center&#8220; header_fullscreen=&#8220;on&#8220; background_overlay_color=&#8220;rgba(0,0,0,0.67)&#8220; disabled_on=&#8220;off|on|on&#8220; _builder_version=&#8220;4.27.4&#8243; _module_preset=&#8220;default&#8220; title_font=&#8220;|800||on|||||&#8220; title_text_color=&#8220;rgba(255,255,255,0.45)&#8220; title_font_size=&#8220;100px&#8220; content_font_size=&#8220;20px&#8220; content_line_height=&#8220;1.6em&#8220; subhead_font=&#8220;|700|on|on|||||&#8220; subhead_font_size=&#8220;47px&#8220; subhead_line_height=&#8220;1.3em&#8220; background_image=&#8220;https:\/\/ronna-montafon.at\/wp-content\/uploads\/2025\/12\/Ronna_Restaurant_Cafe_Montafon_SF-30.jpg&#8220; background_enable_video_mp4=&#8220;off&#8220; background_enable_video_webm=&#8220;off&#8220; hover_enabled=&#8220;0&#8243; title_font_size_tablet=&#8220;50px&#8220; title_font_size_phone=&#8220;30px&#8220; title_font_size_last_edited=&#8220;on|desktop&#8220; content_font_size_tablet=&#8220;20px&#8220; content_font_size_phone=&#8220;14px&#8220; content_font_size_last_edited=&#8220;on|phone&#8220; subhead_font_size_tablet=&#8220;31px&#8220; subhead_font_size_phone=&#8220;21px&#8220; subhead_font_size_last_edited=&#8220;on|phone&#8220; title_text_shadow_style=&#8220;preset1&#8243; global_colors_info=&#8220;{}&#8220; sticky_enabled=&#8220;0&#8243;]<\/p>\n<p>Foodtrucks. Der neue Gastro Trend. Und wir lieben Trends. Speziell diesen.<\/p>\n<p>Buchen sie unseren Foodtruck f\u00fcr ihre Messe, ihren Event und f\u00fcr jeden gesch\u00e4ftlichen oder privaten Anlass.<\/p>\n<p>Wir bieten ihnen den kompletten Service. Wir k\u00fcmmern uns daher um alles. Nicht nur um den Foodtruck, sondern auch um Tische, Geschirr, Zelte und alles was sie f\u00fcr einen gelungenen Event oder ein gelungenes Fest brauchen.<\/p>\n<p>Wir planen mit ihnen vor ihrer Party, ihrem Event oder ihrem Fest ein f\u00fcr sie speziell abgestimmtes Angebot.<\/p>\n<p>[\/et_pb_fullwidth_header][\/et_pb_section][et_pb_section fb_built=&#8220;1&#8243; _builder_version=&#8220;4.27.4&#8243; _module_preset=&#8220;default&#8220; background_color=&#8220;#682e2f&#8220; global_colors_info=&#8220;{}&#8220;][et_pb_row _builder_version=&#8220;4.27.4&#8243; _module_preset=&#8220;default&#8220; global_colors_info=&#8220;{}&#8220;][et_pb_column type=&#8220;4_4&#8243; _builder_version=&#8220;4.27.4&#8243; _module_preset=&#8220;default&#8220; global_colors_info=&#8220;{}&#8220;][et_pb_image src=&#8220;https:\/\/ronna-montafon.at\/wp-content\/uploads\/2024\/02\/logo-neu-mountain-foodtruck.jpg&#8220; title_text=&#8220;logo neu mountain foodtruck&#8220; align=&#8220;center&#8220; _builder_version=&#8220;4.27.4&#8243; _module_preset=&#8220;default&#8220; global_colors_info=&#8220;{}&#8220;][\/et_pb_image][\/et_pb_column][\/et_pb_row][et_pb_row column_structure=&#8220;1_3,1_3,1_3&#8243; _builder_version=&#8220;4.27.4&#8243; _module_preset=&#8220;default&#8220; max_width=&#8220;2560px&#8220; global_colors_info=&#8220;{}&#8220;][et_pb_column type=&#8220;1_3&#8243; _builder_version=&#8220;4.27.4&#8243; _module_preset=&#8220;default&#8220; global_colors_info=&#8220;{}&#8220;][et_pb_image src=&#8220;https:\/\/ronna-montafon.at\/wp-content\/uploads\/2024\/02\/Foodtruck-Flyer.jpg&#8220; title_text=&#8220;Foodtruck Flyer&#8220; show_in_lightbox=&#8220;on&#8220; use_overlay=&#8220;on&#8220; overlay_icon_color=&#8220;#FFFFFF&#8220; hover_overlay_color=&#8220;rgba(0,0,0,0.8)&#8220; hover_icon=&#8220;&#x30;||divi||400&#8243; _builder_version=&#8220;4.24.0&#8243; _module_preset=&#8220;default&#8220; global_colors_info=&#8220;{}&#8220;][\/et_pb_image][\/et_pb_column][et_pb_column type=&#8220;1_3&#8243; _builder_version=&#8220;4.27.4&#8243; _module_preset=&#8220;default&#8220; global_colors_info=&#8220;{}&#8220;][et_pb_image src=&#8220;https:\/\/ronna-montafon.at\/wp-content\/uploads\/2024\/02\/Angebotsliste-Foodtruck-2023_Seite_1.jpg&#8220; title_text=&#8220;Angebotsliste Foodtruck 2023_Seite_1&#8243; show_in_lightbox=&#8220;on&#8220; use_overlay=&#8220;on&#8220; overlay_icon_color=&#8220;#FFFFFF&#8220; hover_overlay_color=&#8220;rgba(0,0,0,0.8)&#8220; hover_icon=&#8220;&#x30;||divi||400&#8243; _builder_version=&#8220;4.24.0&#8243; _module_preset=&#8220;default&#8220; global_colors_info=&#8220;{}&#8220;][\/et_pb_image][\/et_pb_column][et_pb_column type=&#8220;1_3&#8243; _builder_version=&#8220;4.27.4&#8243; _module_preset=&#8220;default&#8220; global_colors_info=&#8220;{}&#8220;][et_pb_image src=&#8220;https:\/\/ronna-montafon.at\/wp-content\/uploads\/2024\/02\/Angebotsliste-Foodtruck-2023_Seite_2.jpg&#8220; title_text=&#8220;Angebotsliste Foodtruck 2023_Seite_2&#8243; show_in_lightbox=&#8220;on&#8220; use_overlay=&#8220;on&#8220; overlay_icon_color=&#8220;#FFFFFF&#8220; hover_overlay_color=&#8220;rgba(0,0,0,0.8)&#8220; hover_icon=&#8220;&#x30;||divi||400&#8243; _builder_version=&#8220;4.24.0&#8243; _module_preset=&#8220;default&#8220; global_colors_info=&#8220;{}&#8220;][\/et_pb_image][\/et_pb_column][\/et_pb_row][et_pb_row column_structure=&#8220;2_5,3_5&#8243; _builder_version=&#8220;4.24.0&#8243; _module_preset=&#8220;default&#8220; global_colors_info=&#8220;{}&#8220;][et_pb_column type=&#8220;2_5&#8243; _builder_version=&#8220;4.24.0&#8243; _module_preset=&#8220;default&#8220; global_colors_info=&#8220;{}&#8220;][et_pb_button button_url=&#8220;https:\/\/ronna-montafon.at\/wp-content\/uploads\/2024\/02\/Foodtruck-Flyer.pdf&#8220; url_new_window=&#8220;on&#8220; button_text=&#8220;Der Flyer zum Download&#8220; button_alignment=&#8220;center&#8220; _builder_version=&#8220;4.24.0&#8243; _module_preset=&#8220;default&#8220; custom_button=&#8220;on&#8220; button_bg_color=&#8220;#FFFFFF&#8220; global_colors_info=&#8220;{}&#8220;][\/et_pb_button][\/et_pb_column][et_pb_column type=&#8220;3_5&#8243; _builder_version=&#8220;4.24.0&#8243; _module_preset=&#8220;default&#8220; global_colors_info=&#8220;{}&#8220;][et_pb_button button_url=&#8220;https:\/\/ronna-montafon.at\/wp-content\/uploads\/2024\/02\/Angebotsliste-Foodtruck-2023.pdf&#8220; url_new_window=&#8220;on&#8220; button_text=&#8220;Das Food Truck Angebot zum Download&#8220; button_alignment=&#8220;center&#8220; _builder_version=&#8220;4.24.0&#8243; _module_preset=&#8220;default&#8220; custom_button=&#8220;on&#8220; button_bg_color=&#8220;#FFFFFF&#8220; global_colors_info=&#8220;{}&#8220;][\/et_pb_button][\/et_pb_column][\/et_pb_row][\/et_pb_section][et_pb_section fb_built=&#8220;1&#8243; fullwidth=&#8220;on&#8220; _builder_version=&#8220;4.27.4&#8243; _module_preset=&#8220;default&#8220; bottom_divider_style=&#8220;graph4&#8243; bottom_divider_color=&#8220;#FFFFFF&#8220; global_colors_info=&#8220;{}&#8220;][et_pb_fullwidth_header title=&#8220;Folge dem RONNA FOODTRUCK ZUM N\u00c4CHSTEN EVENT UND IN DEINE N\u00c4HE&#8220; text_orientation=&#8220;center&#8220; background_overlay_color=&#8220;rgba(0,0,0,0.67)&#8220; disabled_on=&#8220;off|off|off&#8220; _builder_version=&#8220;4.27.4&#8243; _module_preset=&#8220;default&#8220; title_font=&#8220;|800||on|||||&#8220; title_text_color=&#8220;#FFFFFF&#8220; title_font_size=&#8220;100px&#8220; content_font_size=&#8220;20px&#8220; content_line_height=&#8220;1.6em&#8220; subhead_font=&#8220;|700|on|on|||||&#8220; subhead_font_size=&#8220;47px&#8220; subhead_line_height=&#8220;1.3em&#8220; background_image=&#8220;https:\/\/ronna-montafon.at\/wp-content\/uploads\/2025\/12\/Ronna_Restaurant_Cafe_Montafon_SF-30.jpg&#8220; background_enable_video_mp4=&#8220;off&#8220; background_enable_video_webm=&#8220;off&#8220; title_font_size_tablet=&#8220;50px&#8220; title_font_size_phone=&#8220;30px&#8220; title_font_size_last_edited=&#8220;on|desktop&#8220; content_font_size_tablet=&#8220;20px&#8220; content_font_size_phone=&#8220;14px&#8220; content_font_size_last_edited=&#8220;on|phone&#8220; subhead_font_size_tablet=&#8220;31px&#8220; subhead_font_size_phone=&#8220;21px&#8220; subhead_font_size_last_edited=&#8220;on|phone&#8220; title_text_shadow_style=&#8220;preset1&#8243; global_colors_info=&#8220;{}&#8220;][\/et_pb_fullwidth_header][et_pb_fullwidth_map address=&#8220;6787 Gargellen, \u00d6sterreich&#8220; address_lat=&#8220;46.97088&#8243; address_lng=&#8220;9.91818&#8243; _builder_version=&#8220;4.27.4&#8243; _module_preset=&#8220;default&#8220; height=&#8220;800px&#8220; child_filter_saturate=&#8220;0%&#8220; child_filter_brightness=&#8220;69%&#8220; child_filter_contrast=&#8220;174%&#8220; global_colors_info=&#8220;{}&#8220;][et_pb_map_pin title=&#8220;Der Ronna Foodtruck&#8220; pin_address=&#8220;6787 Gargellen, \u00d6sterreich&#8220; pin_address_lat=&#8220;46.97088&#8243; pin_address_lng=&#8220;9.91818&#8243; _builder_version=&#8220;4.27.4&#8243; _module_preset=&#8220;default&#8220; global_colors_info=&#8220;{}&#8220;][\/et_pb_map_pin][\/et_pb_fullwidth_map][\/et_pb_section]<\/p>\n","protected":false},"excerpt":{"rendered":"<p>Foodtrucks. Der neue Gastro Trend. Und wir lieben Trends. Speziell diesen. Buchen sie unseren Foodtruck f\u00fcr ihre Messe, ihren Event und f\u00fcr jeden gesch\u00e4ftlichen oder privaten Anlass. Wir bieten ihnen den kompletten Service. Wir k\u00fcmmern uns daher um alles. Nicht nur um den Foodtruck, sondern auch um Tische, Geschirr, Zelte und alles was sie f\u00fcr [&hellip;]<\/p>\n","protected":false},"author":2,"featured_media":0,"parent":0,"menu_order":0,"comment_status":"closed","ping_status":"closed","template":"","meta":{"_et_pb_use_builder":"on","_et_pb_old_content":"","_et_gb_content_width":"","footnotes":""},"class_list":["post-876","page","type-page","status-publish","hentry"],"jetpack_sharing_enabled":true,"_links":{"self":[{"href":"https:\/\/ronna-montafon.at\/index.php\/wp-json\/wp\/v2\/pages\/876","targetHints":{"allow":["GET"]}}],"collection":[{"href":"https:\/\/ronna-montafon.at\/index.php\/wp-json\/wp\/v2\/pages"}],"about":[{"href":"https:\/\/ronna-montafon.at\/index.php\/wp-json\/wp\/v2\/types\/page"}],"author":[{"embeddable":true,"href":"https:\/\/ronna-montafon.at\/index.php\/wp-json\/wp\/v2\/users\/2"}],"replies":[{"embeddable":true,"href":"https:\/\/ronna-montafon.at\/index.php\/wp-json\/wp\/v2\/comments?post=876"}],"version-history":[{"count":3,"href":"https:\/\/ronna-montafon.at\/index.php\/wp-json\/wp\/v2\/pages\/876\/revisions"}],"predecessor-version":[{"id":989,"href":"https:\/\/ronna-montafon.at\/index.php\/wp-json\/wp\/v2\/pages\/876\/revisions\/989"}],"wp:attachment":[{"href":"https:\/\/ronna-montafon.at\/index.php\/wp-json\/wp\/v2\/media?parent=876"}],"curies":[{"name":"wp","href":"https:\/\/api.w.org\/{rel}","templated":true}]}}