{"id":939,"date":"2025-12-04T17:08:17","date_gmt":"2025-12-04T16:08:17","guid":{"rendered":"https:\/\/ronna-montafon.at\/?page_id=939"},"modified":"2025-12-04T17:09:05","modified_gmt":"2025-12-04T16:09:05","slug":"reservieren-im-ronna-in-gargellen","status":"publish","type":"page","link":"https:\/\/ronna-montafon.at\/index.php\/reservieren-im-ronna-in-gargellen\/","title":{"rendered":"Reservieren im Ronna in Gargellen"},"content":{"rendered":"<p>[et_pb_section fb_built=&#8220;1&#8243; prev_background_color=&#8220;#ffffff&#8220; next_background_color=&#8220;#ffffff&#8220; _builder_version=&#8220;4.27.4&#8243; _module_preset=&#8220;default&#8220; background_image=&#8220;https:\/\/ronna-montafon.at\/wp-content\/uploads\/2025\/12\/Ronna_Restaurant_Cafe_Montafan_Stocks_Set2-21.jpg&#8220; top_divider_style=&#8220;graph4&#8243; bottom_divider_style=&#8220;graph4&#8243; global_colors_info=&#8220;{}&#8220;][et_pb_row _builder_version=&#8220;4.27.4&#8243; _module_preset=&#8220;default&#8220; custom_margin=&#8220;50px||||false|false&#8220; global_colors_info=&#8220;{}&#8220;][et_pb_column type=&#8220;4_4&#8243; _builder_version=&#8220;4.27.4&#8243; _module_preset=&#8220;default&#8220; global_colors_info=&#8220;{}&#8220;][et_pb_text _builder_version=&#8220;4.27.4&#8243; _module_preset=&#8220;default&#8220; text_font_size=&#8220;17px&#8220; header_font=&#8220;|800||on|||||&#8220; header_text_color=&#8220;#682e2f&#8220; header_font_size=&#8220;60px&#8220; background_color=&#8220;#FFFFFF&#8220; custom_margin=&#8220;10px|10px|10px|10px|false|false&#8220; custom_padding=&#8220;10px|10px|10px|10px|false|false&#8220; text_font_size_tablet=&#8220;&#8220; text_font_size_phone=&#8220;15px&#8220; text_font_size_last_edited=&#8220;on|phone&#8220; header_font_size_tablet=&#8220;45px&#8220; header_font_size_phone=&#8220;23px&#8220; header_font_size_last_edited=&#8220;on|phone&#8220; border_radii=&#8220;on|20px|20px|20px|20px&#8220; global_colors_info=&#8220;{}&#8220;]<\/p>\n<h1 style=\"text-align: center;\">Telefonische Reservierung unter: 0043 5557 213322<\/h1>\n<p>[\/et_pb_text][\/et_pb_column][\/et_pb_row][et_pb_row _builder_version=&#8220;4.27.4&#8243; _module_preset=&#8220;default&#8220; global_colors_info=&#8220;{}&#8220;][et_pb_column type=&#8220;4_4&#8243; _builder_version=&#8220;4.27.4&#8243; _module_preset=&#8220;default&#8220; global_colors_info=&#8220;{}&#8220;][et_pb_button button_url=&#8220;tel:0043555721322&#8243; button_text=&#8220;Anruf im Ronna&#8220; button_alignment=&#8220;center&#8220; disabled_on=&#8220;off|on|on&#8220; _builder_version=&#8220;4.27.4&#8243; vertical_offset_tablet=&#8220;0&#8243; horizontal_offset_tablet=&#8220;0&#8243; custom_margin=&#8220;20px|20px|20px|20px|false|false&#8220; custom_padding=&#8220;20px|20px|20px|20px|false|false&#8220; z_index_tablet=&#8220;0&#8243; button_text_shadow_horizontal_length_tablet=&#8220;0px&#8220; button_text_shadow_vertical_length_tablet=&#8220;0px&#8220; button_text_shadow_blur_strength_tablet=&#8220;1px&#8220; box_shadow_horizontal_tablet=&#8220;0px&#8220; box_shadow_vertical_tablet=&#8220;0px&#8220; box_shadow_blur_tablet=&#8220;40px&#8220; box_shadow_spread_tablet=&#8220;0px&#8220; global_module=&#8220;388&#8243; saved_tabs=&#8220;all&#8220; global_colors_info=&#8220;{}&#8220;]<\/p>\n<p>[\/et_pb_button][\/et_pb_column][\/et_pb_row][et_pb_row _builder_version=&#8220;4.27.4&#8243; _module_preset=&#8220;default&#8220; background_color=&#8220;#FFFFFF&#8220; border_radii=&#8220;on|20px|20px|20px|20px&#8220; global_colors_info=&#8220;{}&#8220;][et_pb_column type=&#8220;4_4&#8243; _builder_version=&#8220;4.27.4&#8243; _module_preset=&#8220;default&#8220; global_colors_info=&#8220;{}&#8220;][et_pb_text _builder_version=&#8220;4.27.4&#8243; _module_preset=&#8220;default&#8220; text_font_size=&#8220;17px&#8220; header_font=&#8220;|800||on|||||&#8220; header_text_color=&#8220;#682e2f&#8220; header_font_size=&#8220;60px&#8220; custom_margin=&#8220;10px|10px|10px|10px|false|false&#8220; custom_padding=&#8220;10px|10px|10px|10px|false|false&#8220; text_font_size_tablet=&#8220;&#8220; text_font_size_phone=&#8220;15px&#8220; text_font_size_last_edited=&#8220;on|phone&#8220; header_font_size_tablet=&#8220;45px&#8220; header_font_size_phone=&#8220;23px&#8220; header_font_size_last_edited=&#8220;on|phone&#8220; global_colors_info=&#8220;{}&#8220;]<\/p>\n<h1 style=\"text-align: center;\">Online Reservierung<\/h1>\n<p>[\/et_pb_text][\/et_pb_column][\/et_pb_row][et_pb_row _builder_version=&#8220;4.27.4&#8243; _module_preset=&#8220;default&#8220; global_colors_info=&#8220;{}&#8220;][et_pb_column type=&#8220;4_4&#8243; _builder_version=&#8220;4.27.4&#8243; _module_preset=&#8220;default&#8220; global_colors_info=&#8220;{}&#8220;][et_pb_code _builder_version=&#8220;4.27.4&#8243; _module_preset=&#8220;default&#8220; hover_enabled=&#8220;0&#8243; global_colors_info=&#8220;{}&#8220; border_radii=&#8220;on|20px|20px|20px|20px&#8220; sticky_enabled=&#8220;0&#8243;]<\/p>\n<div id=\"hors-hydra-a61444d7-c3a6-4ea4-9020-552dcf345fcf\"><\/div>\n<p><script>\u2002\u2002\u2002\u2002\u2002\u2002var _hors=[['eid','hydra-a61444d7-c3a6-4ea4-9020-552dcf345fcf'],['tagid','hors-hydra-a61444d7-c3a6-4ea4-9020-552dcf345fcf'],['width','100%'],['height',''],['foregroundColor',''],['backgroundColor',''],['linkColor',''],['errorColor',''],['primaryButtonForegroundColor',''],['primaryButtonBackgroundColor',''],['secondaryButtonForegroundColor',''],['secondaryButtonBackgroundColor','']];\u2002\u2002\u2002\u2002\u2002(function(d, t) { var e=d.createElement(t),s=d.getElementsByTagName(t)[0];\u2002\u2002\u2002\u2002e.src = \"https:\/\/reservation.dish.co\/widget.js\";\u2002\u2002\u2002\u2002\u2002\u2002s.parentNode.insertBefore(e,s);\u2002\u2002\u2002\u2002\u2002}(document, 'script'));<\/script>[\/et_pb_code][\/et_pb_column][\/et_pb_row][et_pb_row _builder_version=&#8220;4.27.4&#8243; _module_preset=&#8220;default&#8220; background_color=&#8220;#FFFFFF&#8220; custom_margin=&#8220;||100px||false|false&#8220; custom_padding=&#8220;||||false|false&#8220; border_radii=&#8220;on|30px|30px|30px|30px&#8220; global_colors_info=&#8220;{}&#8220;][et_pb_column type=&#8220;4_4&#8243; _builder_version=&#8220;4.27.4&#8243; _module_preset=&#8220;default&#8220; global_colors_info=&#8220;{}&#8220;][et_pb_text _builder_version=&#8220;4.27.4&#8243; _module_preset=&#8220;default&#8220; text_font_size=&#8220;17px&#8220; header_font=&#8220;|800||on|||||&#8220; header_text_color=&#8220;#682e2f&#8220; header_font_size=&#8220;60px&#8220; custom_margin=&#8220;10px|10px|10px|10px|false|false&#8220; custom_padding=&#8220;10px|10px|10px|10px|false|false&#8220; text_font_size_tablet=&#8220;&#8220; text_font_size_phone=&#8220;15px&#8220; text_font_size_last_edited=&#8220;on|phone&#8220; header_font_size_tablet=&#8220;45px&#8220; header_font_size_phone=&#8220;23px&#8220; header_font_size_last_edited=&#8220;on|phone&#8220; global_colors_info=&#8220;{}&#8220;]<\/p>\n<p style=\"text-align: center;\">Bei online Reservierungen erkl\u00e4ren sie sich damit einverstanden, dass wir auf ihre E-Mailadresse gelegentlich unseren Newsletter versenden d\u00fcrfen.<\/p>\n<p style=\"text-align: center;\">Online Reservierungen sind nur mit einer Best\u00e4tigungsmail unsererseits g\u00fcltig und m\u00fcssen mindestens 24 Stunden vor der Reservierung erfolgen.<\/p>\n<p>[\/et_pb_text][\/et_pb_column][\/et_pb_row][\/et_pb_section]<\/p>\n","protected":false},"excerpt":{"rendered":"<p>Telefonische Reservierung unter: 0043 5557 213322 Online ReservierungBei online Reservierungen erkl\u00e4ren sie sich damit einverstanden, dass wir auf ihre E-Mailadresse gelegentlich unseren Newsletter versenden d\u00fcrfen. Online Reservierungen sind nur mit einer Best\u00e4tigungsmail unsererseits g\u00fcltig und m\u00fcssen mindestens 24 Stunden vor der Reservierung erfolgen.<\/p>\n","protected":false},"author":2,"featured_media":0,"parent":0,"menu_order":0,"comment_status":"closed","ping_status":"closed","template":"","meta":{"_et_pb_use_builder":"on","_et_pb_old_content":"","_et_gb_content_width":"","footnotes":""},"class_list":["post-939","page","type-page","status-publish","hentry"],"jetpack_sharing_enabled":true,"_links":{"self":[{"href":"https:\/\/ronna-montafon.at\/index.php\/wp-json\/wp\/v2\/pages\/939","targetHints":{"allow":["GET"]}}],"collection":[{"href":"https:\/\/ronna-montafon.at\/index.php\/wp-json\/wp\/v2\/pages"}],"about":[{"href":"https:\/\/ronna-montafon.at\/index.php\/wp-json\/wp\/v2\/types\/page"}],"author":[{"embeddable":true,"href":"https:\/\/ronna-montafon.at\/index.php\/wp-json\/wp\/v2\/users\/2"}],"replies":[{"embeddable":true,"href":"https:\/\/ronna-montafon.at\/index.php\/wp-json\/wp\/v2\/comments?post=939"}],"version-history":[{"count":3,"href":"https:\/\/ronna-montafon.at\/index.php\/wp-json\/wp\/v2\/pages\/939\/revisions"}],"predecessor-version":[{"id":943,"href":"https:\/\/ronna-montafon.at\/index.php\/wp-json\/wp\/v2\/pages\/939\/revisions\/943"}],"wp:attachment":[{"href":"https:\/\/ronna-montafon.at\/index.php\/wp-json\/wp\/v2\/media?parent=939"}],"curies":[{"name":"wp","href":"https:\/\/api.w.org\/{rel}","templated":true}]}}